{"id":85,"date":"2019-01-02T20:55:01","date_gmt":"2019-01-02T19:55:01","guid":{"rendered":"http:\/\/localhost:8888\/MAT-PROROG\/materialis\/"},"modified":"2024-12-11T17:10:05","modified_gmt":"2024-12-11T16:10:05","slug":"materialis","status":"publish","type":"page","link":"https:\/\/mediterranee-air-training.fr\/","title":{"rendered":"Accueil"},"content":{"rendered":"<!-- wp:extendstudio\/materialis--><div  id=\"notre-histoire\" class=\"content-7m content-section-spacing-large content-section content-relative\" style=\"background-color: #f5fafd;\" data-label=\"Notre histoire\" data-id=\"content-7-materialis\" data-export-id=\"content-7-materialis\" data-category=\"content\">\n<div  class=\"gridContainer\">\n<div  class=\"row middle-sm\">\n<div  class=\"col-md-6 col-xs-12 col-sm-6 col-padding-small-xs\"><img  decoding=\"async\" class=\"img-rounded mdc-elevation--z13\" src=\"https:\/\/mediterranee-air-training.fr\/wp-content\/uploads\/2019\/01\/cropped-Bureau-de-la-direction.jpg\"><\/div>\n<div  class=\"col-md-5 col-md-offset-1 col-xs-12 col-sm-6 content-left-sm col-padding-small-xs\" data-type=\"column\">\n<h6  class=\"upper\">Notre Histoire<\/h6>\n<p  class=\"space-top\">Emanation du CIAM cr\u00e9\u00e9 en 1981, M\u00e9diterran\u00e9e Air Training cr\u00e9\u00e9 en 1994 sur le terrain international de Montpellier-M\u00e9diterran\u00e9e.<\/p>\nA form\u00e9 plus de 2 500 Pilotes de transport avec un taux de r\u00e9ussite avoisinant les 100%.\n\nSitu\u00e9 dans une r\u00e9gion privil\u00e9gi\u00e9e tant au niveau des infrastructures a\u00e9ronautiques que de son a\u00e9rologie, son Responsable P\u00e9dagogique totalise plus de 26500 heures de vol dont plus de 18000 en qualit\u00e9 d\u2019instructeur Professionnel.\n\n35 ans d\u2019exp\u00e9rience avec pour partenaires Le CEV, l\u2019EPNER, AIRBUS, DASSAULT AVIATION, l\u2019ARMEE DE L\u2019AIR, l\u2019\u00e9cole a su garder dans un cadre familial l\u2019esprit a\u00e9ronautique de nos maitres car comme le dit Antoine de Saint Exup\u00e9ry :\n<h4  class=\"\">\u00ab Seuls peuvent comprendre ceux qui ont subi cet inexplicable amour du vol \u00bb<\/h4>\n<\/div>\n<\/div>\n<\/div>\n<\/div><!-- \/wp:extendstudio\/materialis--><!-- wp:extendstudio\/materialis--><div  data-label=\"Prorogations\" data-id=\"content--NaN\" data-export-id=\"content-5-materialis\" data-category=\"content\" class=\"content-5m content-section-spacing-large content-section\" id=\"prorogations\" style=\"background-color: rgb(245, 250, 253);\">\n<div  class=\"gridContainer\">\n<div  class=\"row\">\n<div  class=\"col-sm-8 col-sm-offset-2 space-bottom text-center col-padding-small-xs\" data-type=\"column\"> <img  decoding=\"async\" class=\"mdc-elevation--z13 rounded\" src=\"https:\/\/mediterranee-air-training.fr\/wp-content\/uploads\/2019\/01\/cropped-avion-depart.jpg\"><\/div>\n<div  class=\"text-center large\" data-type=\"column\">\n<h2  class=\"space-bottom\">Prorogations SEP \/ MEP \/ IR-SE \/ IR-ME<\/h2>\n<p  class=\"lead\">M\u00e9diterran\u00e9e Air Training vous propose, gr\u00e2ce \u00e0 des tests de\ncomp\u00e9tences, de prolonger la dur\u00e9e de validit\u00e9 ou de retrouver la\nvalidit\u00e9 de votre licence de pilote d\u2019avion.\n<\/p><h5  class=\"\"><\/h5>\n<h5  class=\"\">Prorogation SEP<\/h5>\n<p  class=\"lead\">Dans les 12 mois pr\u00e9c\u00e9dant la fin de validit\u00e9 de la qualification (et\nnon dans les 12 mois pr\u00e9c\u00e9dant votre demande), vous avez effectu\u00e9 sur la\nclasse d\u2019appareil concern\u00e9e ou sur un type monomoteur \u00e0 pistons 12\nheures de vol dont 6 heures comme commandant de bord, dont 12 d\u00e9collages\net 12 atterrissages, dont 1 heure minimum de vol d\u2019entra\u00eenement avec un\ninstructeur FI(A) ou CRI(A) qui devra apposer sur le carnet de vol son\nnum\u00e9ro d\u2019instructeur et sa signature. Les candidats seront exempt\u00e9s de\nce vol s\u2019ils ont r\u00e9ussi un contr\u00f4le de comp\u00e9tences pour la QC\/QT ou un\nexamen pratique pour toute autre QC ou QT avion.\nProrogation MEP\n<\/p><h5  class=\"\"><\/h5>\n<h5  class=\"\">Conditions de prorogation<\/h5>\n<p  class=\"lead\">1\/ Dans les 3 mois pr\u00e9c\u00e9dant la fin de validit\u00e9 de la qualification,\nr\u00e9ussir un contr\u00f4le de comp\u00e9tence sur un avion correspondant au type ou \u00e0 la classe MEP.\nET\n2\/ Durant la validit\u00e9 de la QT ou de la MEP, avoir effectu\u00e9 :\nAu\nmoins 10 \u00e9tapes en tant que pilote de la cat\u00e9gorie ou du type d\u2019avion\npertinent ou 1 \u00e9tape en tant que pilote sur avion ou simulateur (FFS) de\nla classe ou du type concern\u00e9, accompagn\u00e9 d\u2019un examinateur. Cette \u00e9tape\npeut \u00eatre effectu\u00e9e au cours d\u2019un contr\u00f4le de comp\u00e9tence.\n\nNota\n: un pilote travaillant pour un op\u00e9rateur de transport a\u00e9rien\ncommercial agr\u00e9\u00e9 qui a r\u00e9ussi le contr\u00f4le de comp\u00e9tence de l\u2019op\u00e9rateur,\nainsi que le contr\u00f4le de comp\u00e9tence visant \u00e0 la prorogation de la\nqualification de classe MEP ou de la QT, sera exempt\u00e9 de l\u2019exigence du\npoint 2 ci-dessus.\n\n<\/p><\/div>\n<\/div>\n<\/div>\n<\/div><!-- \/wp:extendstudio\/materialis--><!-- wp:extendstudio\/materialis--><div  data-label=\"Localisation et contact\" data-id=\"contact--3\" data-export-id=\"contact-3\" data-category=\"contact\" class=\"contact-3 content-section content-section-spacing-large content-relative\" id=\"localisation-et-contact\" style=\"background-color: rgb(245, 250, 253); background-image: url(&quot;https:\/\/mediterranee-air-training.fr\/wp-content\/uploads\/2020\/11\/Plan-Google.png&quot;); background-size: cover; background-position: center top;\"><div  class=\"gridContainer\"> <div  class=\"row\"><div  class=\"col-xs-12 col-sm-6 col-sm-offset-6 col-md-5 col-md-offset-7 text-center\"> <div  data-type=\"column\" class=\"card mdc-elevation--z3 large-padding\"><h2  class=\"font-300\">Contactez nous<\/h2> <h4  class=\"font-300\">Jean-No\u00ebl Boyer<\/h4> <p  class=\"\">A\u00e9roport Montpellier M\u00e9diterran\u00e9e\n<br >34130 Mauguio France<\/p> <p  class=\"\">T\u00e9l\u00e9phone Mobile : 06 12 78 40 20<\/p> <p  class=\"\">Email: mediterranee.air.training@gmail.com<\/p> <a  href=\"https:\/\/192.168.1.2\/wordpress\/contactez-nous\" class=\"button null mdc-ripple-upgraded color1 square\" target=\"_self\" data-cp-link=\"1\" data-icon=\"\" rel=\"noopener noreferrer\" referrerpolicy=\"origin\">Contactez nous<\/a><\/div> <\/div><\/div> <\/div><\/div><!-- \/wp:extendstudio\/materialis-->","protected":false},"excerpt":{"rendered":"<p>Notre Histoire Emanation du CIAM cr\u00e9\u00e9 en 1981, M\u00e9diterran\u00e9e Air Training cr\u00e9\u00e9 en 1994 sur le terrain international de Montpellier-M\u00e9diterran\u00e9e. A form\u00e9 plus de 2 500 Pilotes de transport avec un taux de r\u00e9ussite avoisinant les 100%. Situ\u00e9 dans une r\u00e9gion privil\u00e9gi\u00e9e tant au niveau des infrastructures a\u00e9ronautiques que de son a\u00e9rologie, son Responsable P\u00e9dagogique&nbsp;&hellip;<\/p>\n","protected":false},"author":1,"featured_media":0,"parent":0,"menu_order":0,"comment_status":"closed","ping_status":"closed","template":"page-templates\/homepage.php","meta":{"footnotes":""},"class_list":["post-85","page","type-page","status-publish","hentry"],"yoast_head":"<!-- This site is optimized with the Yoast SEO plugin v27.5 - https:\/\/yoast.com\/product\/yoast-seo-wordpress\/ -->\n<title>Accueil - M\u00e9diterran\u00e9e Air Training<\/title>\n<meta name=\"robots\" content=\"index, follow, max-snippet:-1, max-image-preview:large, max-video-preview:-1\" \/>\n<link rel=\"canonical\" href=\"https:\/\/mediterranee-air-training.fr\/\" \/>\n<meta property=\"og:locale\" content=\"fr_FR\" \/>\n<meta property=\"og:type\" content=\"article\" \/>\n<meta property=\"og:title\" content=\"Accueil - M\u00e9diterran\u00e9e Air Training\" \/>\n<meta property=\"og:description\" content=\"Notre Histoire Emanation du CIAM cr\u00e9\u00e9 en 1981, M\u00e9diterran\u00e9e Air Training cr\u00e9\u00e9 en 1994 sur le terrain international de Montpellier-M\u00e9diterran\u00e9e. A form\u00e9 plus de 2 500 Pilotes de transport avec un taux de r\u00e9ussite avoisinant les 100%. Situ\u00e9 dans une r\u00e9gion privil\u00e9gi\u00e9e tant au niveau des infrastructures a\u00e9ronautiques que de son a\u00e9rologie, son Responsable P\u00e9dagogique&nbsp;&hellip;\" \/>\n<meta property=\"og:url\" content=\"https:\/\/mediterranee-air-training.fr\/\" \/>\n<meta property=\"og:site_name\" content=\"M\u00e9diterran\u00e9e Air Training\" \/>\n<meta property=\"article:publisher\" content=\"https:\/\/www.facebook.com\/M%c3%a9diterran%c3%a9e-Air-Training-295994423862644?ref=ts\" \/>\n<meta property=\"article:modified_time\" content=\"2024-12-11T16:10:05+00:00\" \/>\n<meta property=\"og:image\" content=\"https:\/\/mediterranee-air-training.fr\/wp-content\/uploads\/2019\/01\/cropped-Bureau-de-la-direction.jpg\" \/>\n<meta name=\"twitter:card\" content=\"summary_large_image\" \/>\n<meta name=\"twitter:site\" content=\"@MediterraneeAir\" \/>\n<meta name=\"twitter:label1\" content=\"Dur\u00e9e de lecture estim\u00e9e\" \/>\n\t<meta name=\"twitter:data1\" content=\"2 minutes\" \/>\n<script type=\"application\/ld+json\" class=\"yoast-schema-graph\">{\"@context\":\"https:\\\/\\\/schema.org\",\"@graph\":[{\"@type\":\"WebPage\",\"@id\":\"https:\\\/\\\/mediterranee-air-training.fr\\\/\",\"url\":\"https:\\\/\\\/mediterranee-air-training.fr\\\/\",\"name\":\"Accueil - M\u00e9diterran\u00e9e Air Training\",\"isPartOf\":{\"@id\":\"https:\\\/\\\/mediterranee-air-training.fr\\\/#website\"},\"primaryImageOfPage\":{\"@id\":\"https:\\\/\\\/mediterranee-air-training.fr\\\/#primaryimage\"},\"image\":{\"@id\":\"https:\\\/\\\/mediterranee-air-training.fr\\\/#primaryimage\"},\"thumbnailUrl\":\"https:\\\/\\\/mediterranee-air-training.fr\\\/wp-content\\\/uploads\\\/2019\\\/01\\\/cropped-Bureau-de-la-direction.jpg\",\"datePublished\":\"2019-01-02T19:55:01+00:00\",\"dateModified\":\"2024-12-11T16:10:05+00:00\",\"breadcrumb\":{\"@id\":\"https:\\\/\\\/mediterranee-air-training.fr\\\/#breadcrumb\"},\"inLanguage\":\"fr-FR\",\"potentialAction\":[{\"@type\":\"ReadAction\",\"target\":[\"https:\\\/\\\/mediterranee-air-training.fr\\\/\"]}]},{\"@type\":\"ImageObject\",\"inLanguage\":\"fr-FR\",\"@id\":\"https:\\\/\\\/mediterranee-air-training.fr\\\/#primaryimage\",\"url\":\"https:\\\/\\\/mediterranee-air-training.fr\\\/wp-content\\\/uploads\\\/2019\\\/01\\\/cropped-Bureau-de-la-direction.jpg\",\"contentUrl\":\"https:\\\/\\\/mediterranee-air-training.fr\\\/wp-content\\\/uploads\\\/2019\\\/01\\\/cropped-Bureau-de-la-direction.jpg\",\"width\":1388,\"height\":1000},{\"@type\":\"BreadcrumbList\",\"@id\":\"https:\\\/\\\/mediterranee-air-training.fr\\\/#breadcrumb\",\"itemListElement\":[{\"@type\":\"ListItem\",\"position\":1,\"name\":\"Accueil\",\"item\":\"https:\\\/\\\/mediterranee-air-training.fr\\\/\"},{\"@type\":\"ListItem\",\"position\":2,\"name\":\"Accueil\"}]},{\"@type\":\"WebSite\",\"@id\":\"https:\\\/\\\/mediterranee-air-training.fr\\\/#website\",\"url\":\"https:\\\/\\\/mediterranee-air-training.fr\\\/\",\"name\":\"M\u00e9diterran\u00e9e Air Training\",\"description\":\"Prorogations SEP \\\/ MEP \\\/ IR-SE \\\/ IR-ME\",\"publisher\":{\"@id\":\"https:\\\/\\\/mediterranee-air-training.fr\\\/#organization\"},\"potentialAction\":[{\"@type\":\"SearchAction\",\"target\":{\"@type\":\"EntryPoint\",\"urlTemplate\":\"https:\\\/\\\/mediterranee-air-training.fr\\\/?s={search_term_string}\"},\"query-input\":{\"@type\":\"PropertyValueSpecification\",\"valueRequired\":true,\"valueName\":\"search_term_string\"}}],\"inLanguage\":\"fr-FR\"},{\"@type\":\"Organization\",\"@id\":\"https:\\\/\\\/mediterranee-air-training.fr\\\/#organization\",\"name\":\"M\u00e8diterran\u00e9e Air Training\",\"url\":\"https:\\\/\\\/mediterranee-air-training.fr\\\/\",\"logo\":{\"@type\":\"ImageObject\",\"inLanguage\":\"fr-FR\",\"@id\":\"https:\\\/\\\/mediterranee-air-training.fr\\\/#\\\/schema\\\/logo\\\/image\\\/\",\"url\":\"http:\\\/\\\/192.168.1.2\\\/wordpress\\\/wp-content\\\/uploads\\\/2019\\\/01\\\/sigle_mat_200x300.jpg\",\"contentUrl\":\"http:\\\/\\\/192.168.1.2\\\/wordpress\\\/wp-content\\\/uploads\\\/2019\\\/01\\\/sigle_mat_200x300.jpg\",\"width\":300,\"height\":208,\"caption\":\"M\u00e8diterran\u00e9e Air Training\"},\"image\":{\"@id\":\"https:\\\/\\\/mediterranee-air-training.fr\\\/#\\\/schema\\\/logo\\\/image\\\/\"},\"sameAs\":[\"https:\\\/\\\/www.facebook.com\\\/M\u00e9diterran\u00e9e-Air-Training-295994423862644?ref=ts\",\"https:\\\/\\\/x.com\\\/MediterraneeAir\",\"https:\\\/\\\/youtu.be\\\/dIytyrfWfZE\"]}]}<\/script>\n<!-- \/ Yoast SEO plugin. -->","yoast_head_json":{"title":"Accueil - M\u00e9diterran\u00e9e Air Training","robots":{"index":"index","follow":"follow","max-snippet":"max-snippet:-1","max-image-preview":"max-image-preview:large","max-video-preview":"max-video-preview:-1"},"canonical":"https:\/\/mediterranee-air-training.fr\/","og_locale":"fr_FR","og_type":"article","og_title":"Accueil - M\u00e9diterran\u00e9e Air Training","og_description":"Notre Histoire Emanation du CIAM cr\u00e9\u00e9 en 1981, M\u00e9diterran\u00e9e Air Training cr\u00e9\u00e9 en 1994 sur le terrain international de Montpellier-M\u00e9diterran\u00e9e. A form\u00e9 plus de 2 500 Pilotes de transport avec un taux de r\u00e9ussite avoisinant les 100%. Situ\u00e9 dans une r\u00e9gion privil\u00e9gi\u00e9e tant au niveau des infrastructures a\u00e9ronautiques que de son a\u00e9rologie, son Responsable P\u00e9dagogique&nbsp;&hellip;","og_url":"https:\/\/mediterranee-air-training.fr\/","og_site_name":"M\u00e9diterran\u00e9e Air Training","article_publisher":"https:\/\/www.facebook.com\/M%c3%a9diterran%c3%a9e-Air-Training-295994423862644?ref=ts","article_modified_time":"2024-12-11T16:10:05+00:00","og_image":[{"url":"https:\/\/mediterranee-air-training.fr\/wp-content\/uploads\/2019\/01\/cropped-Bureau-de-la-direction.jpg","type":"","width":"","height":""}],"twitter_card":"summary_large_image","twitter_site":"@MediterraneeAir","twitter_misc":{"Dur\u00e9e de lecture estim\u00e9e":"2 minutes"},"schema":{"@context":"https:\/\/schema.org","@graph":[{"@type":"WebPage","@id":"https:\/\/mediterranee-air-training.fr\/","url":"https:\/\/mediterranee-air-training.fr\/","name":"Accueil - M\u00e9diterran\u00e9e Air Training","isPartOf":{"@id":"https:\/\/mediterranee-air-training.fr\/#website"},"primaryImageOfPage":{"@id":"https:\/\/mediterranee-air-training.fr\/#primaryimage"},"image":{"@id":"https:\/\/mediterranee-air-training.fr\/#primaryimage"},"thumbnailUrl":"https:\/\/mediterranee-air-training.fr\/wp-content\/uploads\/2019\/01\/cropped-Bureau-de-la-direction.jpg","datePublished":"2019-01-02T19:55:01+00:00","dateModified":"2024-12-11T16:10:05+00:00","breadcrumb":{"@id":"https:\/\/mediterranee-air-training.fr\/#breadcrumb"},"inLanguage":"fr-FR","potentialAction":[{"@type":"ReadAction","target":["https:\/\/mediterranee-air-training.fr\/"]}]},{"@type":"ImageObject","inLanguage":"fr-FR","@id":"https:\/\/mediterranee-air-training.fr\/#primaryimage","url":"https:\/\/mediterranee-air-training.fr\/wp-content\/uploads\/2019\/01\/cropped-Bureau-de-la-direction.jpg","contentUrl":"https:\/\/mediterranee-air-training.fr\/wp-content\/uploads\/2019\/01\/cropped-Bureau-de-la-direction.jpg","width":1388,"height":1000},{"@type":"BreadcrumbList","@id":"https:\/\/mediterranee-air-training.fr\/#breadcrumb","itemListElement":[{"@type":"ListItem","position":1,"name":"Accueil","item":"https:\/\/mediterranee-air-training.fr\/"},{"@type":"ListItem","position":2,"name":"Accueil"}]},{"@type":"WebSite","@id":"https:\/\/mediterranee-air-training.fr\/#website","url":"https:\/\/mediterranee-air-training.fr\/","name":"M\u00e9diterran\u00e9e Air Training","description":"Prorogations SEP \/ MEP \/ IR-SE \/ IR-ME","publisher":{"@id":"https:\/\/mediterranee-air-training.fr\/#organization"},"potentialAction":[{"@type":"SearchAction","target":{"@type":"EntryPoint","urlTemplate":"https:\/\/mediterranee-air-training.fr\/?s={search_term_string}"},"query-input":{"@type":"PropertyValueSpecification","valueRequired":true,"valueName":"search_term_string"}}],"inLanguage":"fr-FR"},{"@type":"Organization","@id":"https:\/\/mediterranee-air-training.fr\/#organization","name":"M\u00e8diterran\u00e9e Air Training","url":"https:\/\/mediterranee-air-training.fr\/","logo":{"@type":"ImageObject","inLanguage":"fr-FR","@id":"https:\/\/mediterranee-air-training.fr\/#\/schema\/logo\/image\/","url":"http:\/\/192.168.1.2\/wordpress\/wp-content\/uploads\/2019\/01\/sigle_mat_200x300.jpg","contentUrl":"http:\/\/192.168.1.2\/wordpress\/wp-content\/uploads\/2019\/01\/sigle_mat_200x300.jpg","width":300,"height":208,"caption":"M\u00e8diterran\u00e9e Air Training"},"image":{"@id":"https:\/\/mediterranee-air-training.fr\/#\/schema\/logo\/image\/"},"sameAs":["https:\/\/www.facebook.com\/M\u00e9diterran\u00e9e-Air-Training-295994423862644?ref=ts","https:\/\/x.com\/MediterraneeAir","https:\/\/youtu.be\/dIytyrfWfZE"]}]}},"_links":{"self":[{"href":"https:\/\/mediterranee-air-training.fr\/index.php?rest_route=\/wp\/v2\/pages\/85","targetHints":{"allow":["GET"]}}],"collection":[{"href":"https:\/\/mediterranee-air-training.fr\/index.php?rest_route=\/wp\/v2\/pages"}],"about":[{"href":"https:\/\/mediterranee-air-training.fr\/index.php?rest_route=\/wp\/v2\/types\/page"}],"author":[{"embeddable":true,"href":"https:\/\/mediterranee-air-training.fr\/index.php?rest_route=\/wp\/v2\/users\/1"}],"replies":[{"embeddable":true,"href":"https:\/\/mediterranee-air-training.fr\/index.php?rest_route=%2Fwp%2Fv2%2Fcomments&post=85"}],"version-history":[{"count":0,"href":"https:\/\/mediterranee-air-training.fr\/index.php?rest_route=\/wp\/v2\/pages\/85\/revisions"}],"wp:attachment":[{"href":"https:\/\/mediterranee-air-training.fr\/index.php?rest_route=%2Fwp%2Fv2%2Fmedia&parent=85"}],"curies":[{"name":"wp","href":"https:\/\/api.w.org\/{rel}","templated":true}]}}